{"id":1206,"date":"2025-11-03T15:39:05","date_gmt":"2025-11-03T15:39:05","guid":{"rendered":"https:\/\/florisfarm.by\/?page_id=1206"},"modified":"2025-12-11T15:05:13","modified_gmt":"2025-12-11T15:05:13","slug":"parco-macchine-agricole","status":"publish","type":"page","link":"https:\/\/florisfarm.by\/it\/parco-macchine-agricole\/","title":{"rendered":"Parco macchine agricole"},"content":{"rendered":"\t\t<div data-elementor-type=\"wp-page\" data-elementor-id=\"1206\" class=\"elementor elementor-1206\">\n\t\t\t\t\t\t<section class=\"elementor-section elementor-top-section elementor-element elementor-element-271a5519 elementor-section-full_width elementor-section-stretched elementor-section-height-default elementor-section-height-default\" data-id=\"271a5519\" data-element_type=\"section\" data-settings=\"{&quot;stretch_section&quot;:&quot;section-stretched&quot;,&quot;background_background&quot;:&quot;classic&quot;}\">\n\t\t\t\t\t\t<div class=\"elementor-container elementor-column-gap-no\">\n\t\t\t\t\t<div class=\"elementor-column elementor-col-100 elementor-top-column elementor-element elementor-element-48134442\" data-id=\"48134442\" data-element_type=\"column\" data-settings=\"{&quot;background_background&quot;:&quot;classic&quot;}\">\n\t\t\t<div class=\"elementor-widget-wrap elementor-element-populated\">\n\t\t\t\t\t\t<div class=\"elementor-element elementor-element-6fd28d35 elementor-widget elementor-widget-image\" data-id=\"6fd28d35\" data-element_type=\"widget\" data-widget_type=\"image.default\">\n\t\t\t\t\t\t\t\t\t\t\t\t\t\t\t<img fetchpriority=\"high\" decoding=\"async\" width=\"1920\" height=\"904\" src=\"https:\/\/florisfarm.by\/wp-content\/uploads\/2025\/11\/floris_-macchine-agricole.png\" class=\"attachment-full size-full wp-image-1209\" alt=\"\" srcset=\"https:\/\/florisfarm.by\/wp-content\/uploads\/2025\/11\/floris_-macchine-agricole.png 1920w, https:\/\/florisfarm.by\/wp-content\/uploads\/2025\/11\/floris_-macchine-agricole-500x235.png 500w, https:\/\/florisfarm.by\/wp-content\/uploads\/2025\/11\/floris_-macchine-agricole-1200x565.png 1200w, https:\/\/florisfarm.by\/wp-content\/uploads\/2025\/11\/floris_-macchine-agricole-300x141.png 300w, https:\/\/florisfarm.by\/wp-content\/uploads\/2025\/11\/floris_-macchine-agricole-768x362.png 768w, https:\/\/florisfarm.by\/wp-content\/uploads\/2025\/11\/floris_-macchine-agricole-1536x723.png 1536w, https:\/\/florisfarm.by\/wp-content\/uploads\/2025\/11\/floris_-macchine-agricole-150x71.png 150w, https:\/\/florisfarm.by\/wp-content\/uploads\/2025\/11\/floris_-macchine-agricole-480x226.png 480w\" sizes=\"(max-width:767px) 480px, (max-width:1920px) 100vw, 1920px\" \/>\t\t\t\t\t\t\t\t\t\t\t\t\t\t\t<\/div>\n\t\t\t\t\t<\/div>\n\t\t<\/div>\n\t\t\t\t\t<\/div>\n\t\t<\/section>\n\t\t\t\t<section class=\"elementor-section elementor-top-section elementor-element elementor-element-7f53766e elementor-section-stretched elementor-section-boxed elementor-section-height-default elementor-section-height-default\" data-id=\"7f53766e\" data-element_type=\"section\" data-settings=\"{&quot;stretch_section&quot;:&quot;section-stretched&quot;,&quot;background_background&quot;:&quot;classic&quot;}\">\n\t\t\t\t\t\t<div class=\"elementor-container elementor-column-gap-wider\">\n\t\t\t\t\t<div class=\"elementor-column elementor-col-100 elementor-top-column elementor-element elementor-element-6921b2d\" data-id=\"6921b2d\" data-element_type=\"column\">\n\t\t\t<div class=\"elementor-widget-wrap elementor-element-populated\">\n\t\t\t\t\t\t<section class=\"elementor-section elementor-inner-section elementor-element elementor-element-3f9be483 elementor-section-boxed elementor-section-height-default elementor-section-height-default\" data-id=\"3f9be483\" data-element_type=\"section\">\n\t\t\t\t\t\t<div class=\"elementor-container elementor-column-gap-default\">\n\t\t\t\t\t<div class=\"elementor-column elementor-col-100 elementor-inner-column elementor-element elementor-element-a76606f\" data-id=\"a76606f\" data-element_type=\"column\">\n\t\t\t<div class=\"elementor-widget-wrap elementor-element-populated\">\n\t\t\t\t\t\t<div class=\"elementor-element elementor-element-38cd162d elementor-widget elementor-widget-text-editor\" data-id=\"38cd162d\" data-element_type=\"widget\" data-widget_type=\"text-editor.default\">\n\t\t\t\t\t\t\t\t\t<h2><span style=\"color: #ffffff;\">Parco macchine agricole<\/span><\/h2>\t\t\t\t\t\t\t\t<\/div>\n\t\t\t\t<div class=\"elementor-element elementor-element-6bc1c141 elementor-widget elementor-widget-spacer\" data-id=\"6bc1c141\" data-element_type=\"widget\" data-widget_type=\"spacer.default\">\n\t\t\t\t\t\t\t<div class=\"elementor-spacer\">\n\t\t\t<div class=\"elementor-spacer-inner\"><\/div>\n\t\t<\/div>\n\t\t\t\t\t\t<\/div>\n\t\t\t\t\t<\/div>\n\t\t<\/div>\n\t\t\t\t\t<\/div>\n\t\t<\/section>\n\t\t\t\t<section class=\"elementor-section elementor-inner-section elementor-element elementor-element-6285fe38 elementor-section-boxed elementor-section-height-default elementor-section-height-default\" data-id=\"6285fe38\" data-element_type=\"section\">\n\t\t\t\t\t\t<div class=\"elementor-container elementor-column-gap-wider\">\n\t\t\t\t\t<div class=\"elementor-column elementor-col-50 elementor-inner-column elementor-element elementor-element-72ebc646\" data-id=\"72ebc646\" data-element_type=\"column\">\n\t\t\t<div class=\"elementor-widget-wrap elementor-element-populated\">\n\t\t\t\t\t\t<div class=\"elementor-element elementor-element-1cc8dc11 elementor-widget elementor-widget-text-editor\" data-id=\"1cc8dc11\" data-element_type=\"widget\" data-widget_type=\"text-editor.default\">\n\t\t\t\t\t\t\t\t\t<h5 style=\"text-align: center;\"><span style=\"color: #ffffff;\">Meccanizzazione e Servizi di Piazzale Macchine<\/span><\/h5><p style=\"text-align: left;\"><span style=\"color: #f2f1f0;\">Il parco macchine dell\u2019azienda offre una vasta gamma di servizi per la meccanizzazione dei processi agricoli. L\u2019impiego di attrezzature moderne permette di aumentare l\u2019efficienza operativa e ridurre i costi, contribuendo a ottimizzare le pratiche agronomiche e a migliorare le rese.<\/span><\/p>\t\t\t\t\t\t\t\t<\/div>\n\t\t\t\t<div class=\"elementor-element elementor-element-1e326e48 elementor-view-default elementor-widget elementor-widget-icon\" data-id=\"1e326e48\" data-element_type=\"widget\" data-widget_type=\"icon.default\">\n\t\t\t\t\t\t\t<div class=\"elementor-icon-wrapper\">\n\t\t\t<div class=\"elementor-icon\">\n\t\t\t<svg aria-hidden=\"true\" class=\"e-font-icon-svg e-fas-arrow-right\" viewBox=\"0 0 448 512\" xmlns=\"http:\/\/www.w3.org\/2000\/svg\"><path d=\"M190.5 66.9l22.2-22.2c9.4-9.4 24.6-9.4 33.9 0L441 239c9.4 9.4 9.4 24.6 0 33.9L246.6 467.3c-9.4 9.4-24.6 9.4-33.9 0l-22.2-22.2c-9.5-9.5-9.3-25 .4-34.3L311.4 296H24c-13.3 0-24-10.7-24-24v-32c0-13.3 10.7-24 24-24h287.4L190.9 101.2c-9.8-9.3-10-24.8-.4-34.3z\"><\/path><\/svg>\t\t\t<\/div>\n\t\t<\/div>\n\t\t\t\t\t\t<\/div>\n\t\t\t\t\t<\/div>\n\t\t<\/div>\n\t\t\t\t<div class=\"elementor-column elementor-col-50 elementor-inner-column elementor-element elementor-element-7ef5a5c8\" data-id=\"7ef5a5c8\" data-element_type=\"column\">\n\t\t\t<div class=\"elementor-widget-wrap elementor-element-populated\">\n\t\t\t\t\t\t<div class=\"elementor-element elementor-element-16eb7164 elementor-widget elementor-widget-text-editor\" data-id=\"16eb7164\" data-element_type=\"widget\" data-widget_type=\"text-editor.default\">\n\t\t\t\t\t\t\t\t\t<p style=\"text-align: left;\"><span style=\"color: #ffffff;\">Tra i principali servizi offerti:<\/span><\/p><ul><li style=\"text-align: left;\"><span style=\"color: #ffffff;\">Lavorazione e aratura del terreno<\/span><\/li><li style=\"text-align: left;\"><span style=\"color: #ffffff;\">Semina e piantagione delle colture<\/span><\/li><li style=\"text-align: left;\"><span style=\"color: #ffffff;\">Fertilizzazione e trattamenti delle piante<\/span><\/li><li style=\"text-align: left;\"><span style=\"color: #ffffff;\">Raccolta<\/span><\/li><li style=\"text-align: left;\"><span style=\"color: #ffffff;\">Trasporto dei prodotti agricoli<\/span><\/li><li style=\"text-align: left;\"><span style=\"color: #ffffff;\">Lavorazioni del terreno per la preparazione delle colture<\/span><\/li><\/ul>\t\t\t\t\t\t\t\t<\/div>\n\t\t\t\t\t<\/div>\n\t\t<\/div>\n\t\t\t\t\t<\/div>\n\t\t<\/section>\n\t\t\t\t<section class=\"elementor-section elementor-inner-section elementor-element elementor-element-79cac488 elementor-section-boxed elementor-section-height-default elementor-section-height-default\" data-id=\"79cac488\" data-element_type=\"section\">\n\t\t\t\t\t\t<div class=\"elementor-container elementor-column-gap-default\">\n\t\t\t\t\t<div class=\"elementor-column elementor-col-100 elementor-inner-column elementor-element elementor-element-fa9a05b\" data-id=\"fa9a05b\" data-element_type=\"column\">\n\t\t\t<div class=\"elementor-widget-wrap elementor-element-populated\">\n\t\t\t\t\t\t<div class=\"elementor-element elementor-element-1de72a26 elementor-widget elementor-widget-image\" data-id=\"1de72a26\" data-element_type=\"widget\" data-widget_type=\"image.default\">\n\t\t\t\t\t\t\t\t\t\t\t\t\t\t\t<img decoding=\"async\" width=\"238\" height=\"7\" src=\"https:\/\/florisfarm.by\/wp-content\/uploads\/2020\/12\/farm2-sep2.png\" class=\"attachment-large size-large wp-image-72\" alt=\"\" \/>\t\t\t\t\t\t\t\t\t\t\t\t\t\t\t<\/div>\n\t\t\t\t\t<\/div>\n\t\t<\/div>\n\t\t\t\t\t<\/div>\n\t\t<\/section>\n\t\t\t\t\t<\/div>\n\t\t<\/div>\n\t\t\t\t\t<\/div>\n\t\t<\/section>\n\t\t\t\t<section class=\"elementor-section elementor-top-section elementor-element elementor-element-5cd9ae58 elementor-section-stretched elementor-section-boxed elementor-section-height-default elementor-section-height-default\" data-id=\"5cd9ae58\" data-element_type=\"section\" data-settings=\"{&quot;stretch_section&quot;:&quot;section-stretched&quot;,&quot;background_background&quot;:&quot;classic&quot;}\">\n\t\t\t\t\t\t<div class=\"elementor-container elementor-column-gap-wider\">\n\t\t\t\t\t<div class=\"elementor-column elementor-col-100 elementor-top-column elementor-element elementor-element-71869231\" data-id=\"71869231\" data-element_type=\"column\">\n\t\t\t<div class=\"elementor-widget-wrap elementor-element-populated\">\n\t\t\t\t\t\t<section class=\"elementor-section elementor-inner-section elementor-element elementor-element-390313ff elementor-section-boxed elementor-section-height-default elementor-section-height-default\" data-id=\"390313ff\" data-element_type=\"section\" data-settings=\"{&quot;background_background&quot;:&quot;classic&quot;}\">\n\t\t\t\t\t\t<div class=\"elementor-container elementor-column-gap-default\">\n\t\t\t\t\t<div class=\"elementor-column elementor-col-100 elementor-inner-column elementor-element elementor-element-614c7f8d\" data-id=\"614c7f8d\" data-element_type=\"column\">\n\t\t\t<div class=\"elementor-widget-wrap elementor-element-populated\">\n\t\t\t\t\t\t<div class=\"elementor-element elementor-element-265960aa elementor-widget elementor-widget-text-editor\" data-id=\"265960aa\" data-element_type=\"widget\" data-widget_type=\"text-editor.default\">\n\t\t\t\t\t\t\t\t\t<h3>L\u2019importanza delle attrezzature agricole<\/h3>\t\t\t\t\t\t\t\t<\/div>\n\t\t\t\t\t<\/div>\n\t\t<\/div>\n\t\t\t\t\t<\/div>\n\t\t<\/section>\n\t\t\t\t<section class=\"elementor-section elementor-inner-section elementor-element elementor-element-a51a71c elementor-section-boxed elementor-section-height-default elementor-section-height-default\" data-id=\"a51a71c\" data-element_type=\"section\" data-settings=\"{&quot;background_background&quot;:&quot;classic&quot;}\">\n\t\t\t\t\t\t<div class=\"elementor-container elementor-column-gap-default\">\n\t\t\t\t\t<div class=\"elementor-column elementor-col-100 elementor-inner-column elementor-element elementor-element-7f1ee0e2\" data-id=\"7f1ee0e2\" data-element_type=\"column\">\n\t\t\t<div class=\"elementor-widget-wrap elementor-element-populated\">\n\t\t\t\t\t\t<div class=\"elementor-element elementor-element-354526fe elementor-widget elementor-widget-spacer\" data-id=\"354526fe\" data-element_type=\"widget\" data-widget_type=\"spacer.default\">\n\t\t\t\t\t\t\t<div class=\"elementor-spacer\">\n\t\t\t<div class=\"elementor-spacer-inner\"><\/div>\n\t\t<\/div>\n\t\t\t\t\t\t<\/div>\n\t\t\t\t\t<\/div>\n\t\t<\/div>\n\t\t\t\t\t<\/div>\n\t\t<\/section>\n\t\t\t\t<section class=\"elementor-section elementor-inner-section elementor-element elementor-element-39909128 elementor-section-boxed elementor-section-height-default elementor-section-height-default\" data-id=\"39909128\" data-element_type=\"section\" data-settings=\"{&quot;background_background&quot;:&quot;classic&quot;}\">\n\t\t\t\t\t\t<div class=\"elementor-container elementor-column-gap-default\">\n\t\t\t\t\t<div class=\"elementor-column elementor-col-50 elementor-inner-column elementor-element elementor-element-141afa6e\" data-id=\"141afa6e\" data-element_type=\"column\">\n\t\t\t<div class=\"elementor-widget-wrap elementor-element-populated\">\n\t\t\t\t\t\t<div class=\"elementor-element elementor-element-109ab616 elementor-drop-cap-yes elementor-drop-cap-view-stacked elementor-widget elementor-widget-text-editor\" data-id=\"109ab616\" data-element_type=\"widget\" data-settings=\"{&quot;drop_cap&quot;:&quot;yes&quot;}\" data-widget_type=\"text-editor.default\">\n\t\t\t\t\t\t\t\t\t<p>Il parco macchine dell\u2019azienda rappresenta il fulcro della produzione agricola, meccanizzando ogni fase delle attivit\u00e0 sul campo: dalla preparazione del terreno, alla semina, fino alla raccolta e al trasporto dei prodotti.<br \/>Grazie a macchinari all\u2019avanguardia e operatori qualificati, ogni operazione \u00e8 pi\u00f9 rapida, efficiente e sicura, riducendo lo sforzo manuale e i tempi di lavoro.<br \/>La meccanizzazione aumenta le rese, ottimizza l\u2019intero processo produttivo e riduce i costi, garantendo prodotti di qualit\u00e0 superiore e uniformit\u00e0 nelle forniture. In questo modo, il parco macchine contribuisce in modo determinante alla sostenibilit\u00e0, all\u2019efficienza e al successo complessivo dell\u2019azienda agricola.<\/p>\t\t\t\t\t\t\t\t<\/div>\n\t\t\t\t\t<\/div>\n\t\t<\/div>\n\t\t\t\t<div class=\"elementor-column elementor-col-50 elementor-inner-column elementor-element elementor-element-51ead4ef\" data-id=\"51ead4ef\" data-element_type=\"column\">\n\t\t\t<div class=\"elementor-widget-wrap elementor-element-populated\">\n\t\t\t\t\t\t<div class=\"elementor-element elementor-element-189f9cd7 elementor-widget elementor-widget-image\" data-id=\"189f9cd7\" data-element_type=\"widget\" data-widget_type=\"image.default\">\n\t\t\t\t\t\t\t\t\t\t\t\t\t\t\t<img decoding=\"async\" width=\"780\" height=\"780\" src=\"https:\/\/florisfarm.by\/wp-content\/uploads\/2025\/11\/floris_parco-macchine-2.png\" class=\"attachment-large size-large wp-image-1219\" alt=\"\" srcset=\"https:\/\/florisfarm.by\/wp-content\/uploads\/2025\/11\/floris_parco-macchine-2.png 780w, https:\/\/florisfarm.by\/wp-content\/uploads\/2025\/11\/floris_parco-macchine-2-500x500.png 500w, https:\/\/florisfarm.by\/wp-content\/uploads\/2025\/11\/floris_parco-macchine-2-300x300.png 300w, https:\/\/florisfarm.by\/wp-content\/uploads\/2025\/11\/floris_parco-macchine-2-768x768.png 768w, https:\/\/florisfarm.by\/wp-content\/uploads\/2025\/11\/floris_parco-macchine-2-150x150.png 150w, https:\/\/florisfarm.by\/wp-content\/uploads\/2025\/11\/floris_parco-macchine-2-75x75.png 75w, https:\/\/florisfarm.by\/wp-content\/uploads\/2025\/11\/floris_parco-macchine-2-480x480.png 480w\" sizes=\"(max-width:767px) 480px, (max-width:780px) 100vw, 780px\" \/>\t\t\t\t\t\t\t\t\t\t\t\t\t\t\t<\/div>\n\t\t\t\t\t<\/div>\n\t\t<\/div>\n\t\t\t\t\t<\/div>\n\t\t<\/section>\n\t\t\t\t<section class=\"elementor-section elementor-inner-section elementor-element elementor-element-75fb8bd4 elementor-section-boxed elementor-section-height-default elementor-section-height-default\" data-id=\"75fb8bd4\" data-element_type=\"section\" data-settings=\"{&quot;background_background&quot;:&quot;classic&quot;}\">\n\t\t\t\t\t\t<div class=\"elementor-container elementor-column-gap-no\">\n\t\t\t\t\t<div class=\"elementor-column elementor-col-100 elementor-inner-column elementor-element elementor-element-632e1595\" data-id=\"632e1595\" data-element_type=\"column\">\n\t\t\t<div class=\"elementor-widget-wrap elementor-element-populated\">\n\t\t\t\t\t\t<div class=\"elementor-element elementor-element-46f483dd elementor-widget elementor-widget-image\" data-id=\"46f483dd\" data-element_type=\"widget\" data-widget_type=\"image.default\">\n\t\t\t\t\t\t\t\t\t\t\t\t\t\t\t<img loading=\"lazy\" decoding=\"async\" width=\"1080\" height=\"411\" src=\"https:\/\/florisfarm.by\/wp-content\/uploads\/2025\/11\/floris_parco-macchine-3.png\" class=\"attachment-large size-large wp-image-1221\" alt=\"\" srcset=\"https:\/\/florisfarm.by\/wp-content\/uploads\/2025\/11\/floris_parco-macchine-3.png 1080w, https:\/\/florisfarm.by\/wp-content\/uploads\/2025\/11\/floris_parco-macchine-3-500x190.png 500w, https:\/\/florisfarm.by\/wp-content\/uploads\/2025\/11\/floris_parco-macchine-3-300x114.png 300w, https:\/\/florisfarm.by\/wp-content\/uploads\/2025\/11\/floris_parco-macchine-3-768x292.png 768w, https:\/\/florisfarm.by\/wp-content\/uploads\/2025\/11\/floris_parco-macchine-3-150x57.png 150w, https:\/\/florisfarm.by\/wp-content\/uploads\/2025\/11\/floris_parco-macchine-3-480x183.png 480w\" sizes=\"(max-width:767px) 480px, (max-width:1080px) 100vw, 1080px\" \/>\t\t\t\t\t\t\t\t\t\t\t\t\t\t\t<\/div>\n\t\t\t\t\t<\/div>\n\t\t<\/div>\n\t\t\t\t\t<\/div>\n\t\t<\/section>\n\t\t\t\t<section class=\"elementor-section elementor-inner-section elementor-element elementor-element-1bc9c77c elementor-section-boxed elementor-section-height-default elementor-section-height-default\" data-id=\"1bc9c77c\" data-element_type=\"section\" data-settings=\"{&quot;background_background&quot;:&quot;classic&quot;}\">\n\t\t\t\t\t\t<div class=\"elementor-container elementor-column-gap-no\">\n\t\t\t\t\t<div class=\"elementor-column elementor-col-100 elementor-inner-column elementor-element elementor-element-5e24c954\" data-id=\"5e24c954\" data-element_type=\"column\">\n\t\t\t<div class=\"elementor-widget-wrap elementor-element-populated\">\n\t\t\t\t\t\t<div class=\"elementor-element elementor-element-6ac57edc elementor-widget elementor-widget-text-editor\" data-id=\"6ac57edc\" data-element_type=\"widget\" data-widget_type=\"text-editor.default\">\n\t\t\t\t\t\t\t\t\t<h3>Il ruolo fondamentale delle attrezzature agricole<\/h3>\t\t\t\t\t\t\t\t<\/div>\n\t\t\t\t\t<\/div>\n\t\t<\/div>\n\t\t\t\t\t<\/div>\n\t\t<\/section>\n\t\t\t\t<section class=\"elementor-section elementor-inner-section elementor-element elementor-element-40a450b7 elementor-section-boxed elementor-section-height-default elementor-section-height-default\" data-id=\"40a450b7\" data-element_type=\"section\" data-settings=\"{&quot;background_background&quot;:&quot;classic&quot;}\">\n\t\t\t\t\t\t<div class=\"elementor-container elementor-column-gap-wider\">\n\t\t\t\t\t<div class=\"elementor-column elementor-col-100 elementor-inner-column elementor-element elementor-element-319a9461\" data-id=\"319a9461\" data-element_type=\"column\">\n\t\t\t<div class=\"elementor-widget-wrap elementor-element-populated\">\n\t\t\t\t\t\t<div class=\"elementor-element elementor-element-37c8a212 elementor-widget elementor-widget-text-editor\" data-id=\"37c8a212\" data-element_type=\"widget\" data-widget_type=\"text-editor.default\">\n\t\t\t\t\t\t\t\t\t<p>Le condizioni tecniche delle attrezzature sono fondamentali in tutti i settori dell\u2019agricoltura, dall\u2019allevamento all\u2019agronomia, dall\u2019orticoltura alla produzione lattiero-casearia. <br \/>Macchinari e strumenti moderni permettono di lavorare il terreno, seminare, curare le colture e raccogliere in modo efficiente, garantendo al contempo elevati standard di qualit\u00e0 nella gestione e nella produttivit\u00e0 degli animali.<\/p><p>La manutenzione e la riparazione regolari delle attrezzature non solo incrementano la produttivit\u00e0, ma riducono anche il rischio di guasti, assicurando il regolare funzionamento delle aziende agricole.<br \/>In questo modo, attrezzature di alta qualit\u00e0 contribuiscono direttamente al successo e allo sviluppo sostenibile di tutte le attivit\u00e0 agricole.<\/p>\t\t\t\t\t\t\t\t<\/div>\n\t\t\t\t\t<\/div>\n\t\t<\/div>\n\t\t\t\t\t<\/div>\n\t\t<\/section>\n\t\t\t\t\t<\/div>\n\t\t<\/div>\n\t\t\t\t\t<\/div>\n\t\t<\/section>\n\t\t\t\t<section class=\"elementor-section elementor-top-section elementor-element elementor-element-6759da0d elementor-section-stretched elementor-section-boxed elementor-section-height-default elementor-section-height-default\" data-id=\"6759da0d\" data-element_type=\"section\" data-settings=\"{&quot;stretch_section&quot;:&quot;section-stretched&quot;,&quot;background_background&quot;:&quot;classic&quot;}\">\n\t\t\t\t\t\t<div class=\"elementor-container elementor-column-gap-wider\">\n\t\t\t\t\t<div class=\"elementor-column elementor-col-100 elementor-top-column elementor-element elementor-element-359a88a3\" data-id=\"359a88a3\" data-element_type=\"column\" data-settings=\"{&quot;background_background&quot;:&quot;classic&quot;}\">\n\t\t\t<div class=\"elementor-widget-wrap elementor-element-populated\">\n\t\t\t\t\t\t<section class=\"elementor-section elementor-inner-section elementor-element elementor-element-6365669b elementor-section-boxed elementor-section-height-default elementor-section-height-default\" data-id=\"6365669b\" data-element_type=\"section\">\n\t\t\t\t\t\t<div class=\"elementor-container elementor-column-gap-default\">\n\t\t\t\t\t<div class=\"elementor-column elementor-col-50 elementor-inner-column elementor-element elementor-element-59164be\" data-id=\"59164be\" data-element_type=\"column\" data-settings=\"{&quot;background_background&quot;:&quot;classic&quot;}\">\n\t\t\t<div class=\"elementor-widget-wrap elementor-element-populated\">\n\t\t\t\t\t\t<div class=\"elementor-element elementor-element-55c95e49 elementor-widget elementor-widget-mfn_faq\" data-id=\"55c95e49\" data-element_type=\"widget\" data-widget_type=\"mfn_faq.default\">\n\t\t\t\t<div class=\"elementor-widget-container\">\n\t\t\t\t\t<div class=\"faq\"><h4 class=\"heading \">Domande frequenti<\/h4><div class=\"mfn-acc faq_wrapper \"><div class=\"question\" tabindex=\"0\" role=\"button\"><div class=\"title\"><span class=\"num\">1<\/span><i class=\"icon-plus acc-icon-plus\" aria-hidden=\"true\"><\/i><i class=\"icon-minus acc-icon-minus\" aria-hidden=\"true\"><\/i>Quali servizi fornisce il parco macchine?<\/div><div class=\"answer\"><p>Il parco macchine offre servizi di aratura, semina, lavorazione delle piante, raccolta e trasporto dei prodotti.<\/p><\/div><\/div>\n<div class=\"question\" tabindex=\"0\" role=\"button\"><div class=\"title\"><span class=\"num\">2<\/span><i class=\"icon-plus acc-icon-plus\" aria-hidden=\"true\"><\/i><i class=\"icon-minus acc-icon-minus\" aria-hidden=\"true\"><\/i>Come ordinare i servizi di deposito macchine?<\/div><div class=\"answer\"><p>Puoi ordinare i servizi contattandoci telefonicamente o tramite il nostro sito web, dove puoi inviare una richiesta per il lavoro che ti interessa.<\/p><\/div><\/div>\n<div class=\"question\" tabindex=\"0\" role=\"button\"><div class=\"title\"><span class=\"num\">3<\/span><i class=\"icon-plus acc-icon-plus\" aria-hidden=\"true\"><\/i><i class=\"icon-minus acc-icon-minus\" aria-hidden=\"true\"><\/i>Qual \u00e8 il costo dei servizi?<\/div><div class=\"answer\"><p>Il costo dei nostri servizi dipende dal tipo di lavoro e dalla superficie coltivata. Offriamo prezzi competitivi e un approccio personalizzato per ogni cliente.<\/p><\/div><\/div>\n<div class=\"question\" tabindex=\"0\" role=\"button\"><div class=\"title\"><span class=\"num\">4<\/span><i class=\"icon-plus acc-icon-plus\" aria-hidden=\"true\"><\/i><i class=\"icon-minus acc-icon-minus\" aria-hidden=\"true\"><\/i>Posso prenotare i servizi di deposito macchine per la stagione?<\/div><div class=\"answer\"><p>S\u00ec, puoi sottoscrivere un contratto di servizio stagionale, che ti garantir\u00e0 un servizio prioritario durante tutta la stagione di crescita.<\/p><\/div><\/div>\n<\/div><\/div>\n\t\t\t\t<\/div>\n\t\t\t\t<\/div>\n\t\t\t\t\t<\/div>\n\t\t<\/div>\n\t\t\t\t<div class=\"elementor-column elementor-col-50 elementor-inner-column elementor-element elementor-element-3bc8e9b2\" data-id=\"3bc8e9b2\" data-element_type=\"column\" data-settings=\"{&quot;background_background&quot;:&quot;classic&quot;}\">\n\t\t\t<div class=\"elementor-widget-wrap elementor-element-populated\">\n\t\t\t\t\t\t<div class=\"elementor-element elementor-element-16a89086 elementor-widget elementor-widget-spacer\" data-id=\"16a89086\" data-element_type=\"widget\" data-widget_type=\"spacer.default\">\n\t\t\t\t\t\t\t<div class=\"elementor-spacer\">\n\t\t\t<div class=\"elementor-spacer-inner\"><\/div>\n\t\t<\/div>\n\t\t\t\t\t\t<\/div>\n\t\t\t\t\t<\/div>\n\t\t<\/div>\n\t\t\t\t\t<\/div>\n\t\t<\/section>\n\t\t\t\t\t<\/div>\n\t\t<\/div>\n\t\t\t\t\t<\/div>\n\t\t<\/section>\n\t\t\t\t<\/div>\n\t\t","protected":false},"excerpt":{"rendered":"<p>Parco macchine agricole Meccanizzazione e Servizi di Piazzale Macchine Il parco macchine dell\u2019azienda offre una vasta gamma di servizi per la meccanizzazione dei processi agricoli. L\u2019impiego<span class=\"excerpt-hellip\"> [\u2026]<\/span><\/p>\n","protected":false},"author":1,"featured_media":0,"parent":0,"menu_order":0,"comment_status":"closed","ping_status":"closed","template":"","meta":{"footnotes":""},"class_list":["post-1206","page","type-page","status-publish","hentry"],"_links":{"self":[{"href":"https:\/\/florisfarm.by\/it\/wp-json\/wp\/v2\/pages\/1206","targetHints":{"allow":["GET"]}}],"collection":[{"href":"https:\/\/florisfarm.by\/it\/wp-json\/wp\/v2\/pages"}],"about":[{"href":"https:\/\/florisfarm.by\/it\/wp-json\/wp\/v2\/types\/page"}],"author":[{"embeddable":true,"href":"https:\/\/florisfarm.by\/it\/wp-json\/wp\/v2\/users\/1"}],"replies":[{"embeddable":true,"href":"https:\/\/florisfarm.by\/it\/wp-json\/wp\/v2\/comments?post=1206"}],"version-history":[{"count":46,"href":"https:\/\/florisfarm.by\/it\/wp-json\/wp\/v2\/pages\/1206\/revisions"}],"predecessor-version":[{"id":2080,"href":"https:\/\/florisfarm.by\/it\/wp-json\/wp\/v2\/pages\/1206\/revisions\/2080"}],"wp:attachment":[{"href":"https:\/\/florisfarm.by\/it\/wp-json\/wp\/v2\/media?parent=1206"}],"curies":[{"name":"wp","href":"https:\/\/api.w.org\/{rel}","templated":true}]}}