{"id":1405,"date":"2025-11-04T16:22:53","date_gmt":"2025-11-04T16:22:53","guid":{"rendered":"https:\/\/florisfarm.by\/?page_id=1405"},"modified":"2025-12-11T14:16:15","modified_gmt":"2025-12-11T14:16:15","slug":"info-utili","status":"publish","type":"page","link":"https:\/\/florisfarm.by\/it\/info-utili\/","title":{"rendered":"Info Utili"},"content":{"rendered":"\t\t<div data-elementor-type=\"wp-page\" data-elementor-id=\"1405\" class=\"elementor elementor-1405\">\n\t\t\t\t\t\t<section class=\"elementor-section elementor-top-section elementor-element elementor-element-298b01e6 elementor-section-stretched elementor-section-boxed elementor-section-height-default elementor-section-height-default\" data-id=\"298b01e6\" data-element_type=\"section\" data-settings=\"{&quot;stretch_section&quot;:&quot;section-stretched&quot;,&quot;background_background&quot;:&quot;classic&quot;}\">\n\t\t\t\t\t\t<div class=\"elementor-container elementor-column-gap-wider\">\n\t\t\t\t\t<div class=\"elementor-column elementor-col-100 elementor-top-column elementor-element elementor-element-47153855\" data-id=\"47153855\" data-element_type=\"column\">\n\t\t\t<div class=\"elementor-widget-wrap elementor-element-populated\">\n\t\t\t\t<div class=\"elementor-element elementor-element-5940c4e1 e-flex e-con-boxed e-con e-parent\" data-id=\"5940c4e1\" data-element_type=\"container\">\n\t\t\t\t\t<div class=\"e-con-inner\">\n\t\t\t\t<div class=\"elementor-element elementor-element-290bb24c elementor-widget elementor-widget-text-editor\" data-id=\"290bb24c\" data-element_type=\"widget\" data-widget_type=\"text-editor.default\">\n\t\t\t\t\t\t\t\t\t<h3 style=\"text-align: center;\"><span style=\"color: #ffffff;\">Tutto ci\u00f2 che ti serve sapere sull\u2019agricoltura<\/span><\/h3>\n<p style=\"text-align: center;\"><span style=\"color: #ffffff;\">In questa sezione troverai <strong>informazioni pratiche e aggiornate<\/strong> per comprendere al meglio gli aspetti chiave del mondo agricolo. Scopri come ottimizzare le tue attivit\u00e0, migliorare le decisioni e crescere insieme a una comunit\u00e0 di professionisti appassionati.<\/span><\/p>\n\n\n \t<li><span style=\"color: #ffffff;\"><strong>Risparmia tempo:<\/strong> accedi subito alle informazioni di cui hai bisogno e concentra le tue energie sulle attivit\u00e0 pi\u00f9 importanti.<\/span><\/li>\n \t<li><span style=\"color: #ffffff;\"><strong>Decidi con sicurezza:<\/strong> grazie alle risposte chiare alle domande pi\u00f9 frequenti, potrai gestire la tua attivit\u00e0 in modo consapevole e strategico.<\/span><\/li>\n \t<li><span style=\"color: #ffffff;\"><strong>Cresci con la comunit\u00e0:<\/strong> scopri le esperienze di altri agricoltori, le sfide che affrontano ogni giorno e le soluzioni che li aiutano a progredire.<\/span><\/li>\n<\/ul>\n<p style=\"text-align: center;\"><span style=\"color: #ffffff;\"><strong>Floris Farm<\/strong> \u00e8 al tuo fianco per offrirti conoscenze, strumenti e ispirazione: perch\u00e9 un\u2019informazione utile oggi pu\u00f2 fare la differenza nel futuro della tua azienda agricola.<\/span><\/p>\t\t\t\t\t\t\t\t<\/div>\n\t\t\t\t\t<\/div>\n\t\t\t\t<\/div>\n\t\t\t\t\t<\/div>\n\t\t<\/div>\n\t\t\t\t\t<\/div>\n\t\t<\/section>\n\t\t\t\t<section class=\"elementor-section elementor-top-section elementor-element elementor-element-55e1c800 elementor-section-stretched elementor-section-boxed elementor-section-height-default elementor-section-height-default\" data-id=\"55e1c800\" data-element_type=\"section\" data-settings=\"{&quot;stretch_section&quot;:&quot;section-stretched&quot;}\">\n\t\t\t\t\t\t<div class=\"elementor-container elementor-column-gap-wider\">\n\t\t\t\t\t<div class=\"elementor-column elementor-col-100 elementor-top-column elementor-element elementor-element-9630e06\" data-id=\"9630e06\" data-element_type=\"column\">\n\t\t\t<div class=\"elementor-widget-wrap elementor-element-populated\">\n\t\t\t\t\t\t<section class=\"elementor-section elementor-inner-section elementor-element elementor-element-532cd186 elementor-section-boxed elementor-section-height-default elementor-section-height-default\" data-id=\"532cd186\" data-element_type=\"section\">\n\t\t\t\t\t\t<div class=\"elementor-container elementor-column-gap-default\">\n\t\t\t\t\t<div class=\"elementor-column elementor-col-50 elementor-inner-column elementor-element elementor-element-5161aaeb\" data-id=\"5161aaeb\" data-element_type=\"column\">\n\t\t\t<div class=\"elementor-widget-wrap elementor-element-populated\">\n\t\t\t\t\t\t<div class=\"elementor-element elementor-element-4212d6f1 elementor-widget elementor-widget-image\" data-id=\"4212d6f1\" data-element_type=\"widget\" data-widget_type=\"image.default\">\n\t\t\t\t\t\t\t\t\t\t\t\t\t\t\t<img fetchpriority=\"high\" decoding=\"async\" width=\"498\" height=\"1200\" src=\"https:\/\/florisfarm.by\/wp-content\/uploads\/2025\/11\/agricoltura-cibo-sano-2-498x1200.png\" class=\"attachment-large size-large wp-image-1840\" alt=\"\" srcset=\"https:\/\/florisfarm.by\/wp-content\/uploads\/2025\/11\/agricoltura-cibo-sano-2-498x1200.png 498w, https:\/\/florisfarm.by\/wp-content\/uploads\/2025\/11\/agricoltura-cibo-sano-2-207x500.png 207w, https:\/\/florisfarm.by\/wp-content\/uploads\/2025\/11\/agricoltura-cibo-sano-2-124x300.png 124w, https:\/\/florisfarm.by\/wp-content\/uploads\/2025\/11\/agricoltura-cibo-sano-2-31x75.png 31w, https:\/\/florisfarm.by\/wp-content\/uploads\/2025\/11\/agricoltura-cibo-sano-2-398x960.png 398w, https:\/\/florisfarm.by\/wp-content\/uploads\/2025\/11\/agricoltura-cibo-sano-2.png 622w\" sizes=\"(max-width:767px) 480px, 498px\" \/>\t\t\t\t\t\t\t\t\t\t\t\t\t\t\t<\/div>\n\t\t\t\t\t<\/div>\n\t\t<\/div>\n\t\t\t\t<div class=\"elementor-column elementor-col-50 elementor-inner-column elementor-element elementor-element-17db9114\" data-id=\"17db9114\" data-element_type=\"column\">\n\t\t\t<div class=\"elementor-widget-wrap elementor-element-populated\">\n\t\t\t\t\t\t<div class=\"elementor-element elementor-element-4287ace6 elementor-widget elementor-widget-text-editor\" data-id=\"4287ace6\" data-element_type=\"widget\" data-widget_type=\"text-editor.default\">\n\t\t\t\t\t\t\t\t\t<h3>Tecnologie moderne per una produzione agricola pi\u00f9 efficiente<\/h3>\t\t\t\t\t\t\t\t<\/div>\n\t\t\t\t<div class=\"elementor-element elementor-element-5ebe910b elementor-widget elementor-widget-text-editor\" data-id=\"5ebe910b\" data-element_type=\"widget\" data-widget_type=\"text-editor.default\">\n\t\t\t\t\t\t\t\t\t<p>Le <strong>tecnologie moderne<\/strong> stanno trasformando il modo di fare agricoltura, rendendo i processi pi\u00f9 precisi, sostenibili e redditizi. Ecco alcune delle innovazioni pi\u00f9 efficaci che contribuiscono a migliorare la produttivit\u00e0 e la qualit\u00e0 delle colture:<\/p><ul><li><strong>Agricoltura di precisione:<\/strong> grazie all\u2019uso di <strong>GPS<\/strong> e <strong>sensori intelligenti<\/strong>, \u00e8 possibile monitorare in tempo reale le condizioni del suolo e delle piante, ottimizzando l\u2019uso di fertilizzanti e acqua per ottenere rese pi\u00f9 elevate e ridurre gli sprechi.<\/li><li><strong>Automazione dei processi:<\/strong> macchinari agricoli moderni, come trattori e mietitrebbie dotati di sistemi avanzati, permettono di automatizzare il lavoro sul campo, riducendo i costi operativi e aumentando la produttivit\u00e0.<\/li><li><strong>Sistemi di irrigazione a goccia:<\/strong> garantiscono un apporto idrico mirato e costante, migliorando l\u2019efficienza dell\u2019irrigazione e contribuendo al risparmio idrico.<\/li><li><strong>Biotecnologia:<\/strong> l\u2019introduzione di variet\u00e0 vegetali pi\u00f9 resistenti a malattie e condizioni climatiche avverse consente di ottenere raccolti pi\u00f9 stabili e di qualit\u00e0.<\/li><li><strong>Tecnologia dei droni:<\/strong> i droni permettono di monitorare i campi dall\u2019alto, valutare lo stato di salute delle colture e intervenire tempestivamente in caso di problemi, migliorando la gestione complessiva dell\u2019azienda agricola.<\/li><li><strong>Agricoltura intelligente (Smart Farming):<\/strong> l\u2019integrazione dell\u2019<strong>Internet of Things (IoT)<\/strong> consente di raccogliere e analizzare dati su suolo, clima e crescita delle piante, supportando decisioni basate su informazioni concrete e aggiornate.<\/li><li><strong>Sistemi di gestione dei dati:<\/strong> software e piattaforme digitali dedicati all\u2019analisi agronomica aiutano a pianificare meglio le attivit\u00e0, ottimizzare l\u2019uso delle risorse e migliorare la redditivit\u00e0.<\/li><\/ul><p>Grazie a queste innovazioni, <strong>Floris Farm<\/strong> promuove un modello di agricoltura moderno, sostenibile e orientato al futuro, dove tecnologia e natura collaborano per creare valore.<\/p>\t\t\t\t\t\t\t\t<\/div>\n\t\t\t\t\t<\/div>\n\t\t<\/div>\n\t\t\t\t\t<\/div>\n\t\t<\/section>\n\t\t\t\t<section class=\"elementor-section elementor-inner-section elementor-element elementor-element-264ca41b elementor-section-boxed elementor-section-height-default elementor-section-height-default\" data-id=\"264ca41b\" data-element_type=\"section\">\n\t\t\t\t\t\t<div class=\"elementor-container elementor-column-gap-default\">\n\t\t\t\t\t<div class=\"elementor-column elementor-col-100 elementor-inner-column elementor-element elementor-element-75135827\" data-id=\"75135827\" data-element_type=\"column\">\n\t\t\t<div class=\"elementor-widget-wrap elementor-element-populated\">\n\t\t\t\t\t\t<div class=\"elementor-element elementor-element-769f37d4 elementor-widget elementor-widget-spacer\" data-id=\"769f37d4\" data-element_type=\"widget\" data-widget_type=\"spacer.default\">\n\t\t\t\t\t\t\t<div class=\"elementor-spacer\">\n\t\t\t<div class=\"elementor-spacer-inner\"><\/div>\n\t\t<\/div>\n\t\t\t\t\t\t<\/div>\n\t\t\t\t\t<\/div>\n\t\t<\/div>\n\t\t\t\t\t<\/div>\n\t\t<\/section>\n\t\t\t\t<section class=\"elementor-section elementor-inner-section elementor-element elementor-element-1218fa80 elementor-reverse-tablet elementor-reverse-mobile elementor-section-boxed elementor-section-height-default elementor-section-height-default\" data-id=\"1218fa80\" data-element_type=\"section\">\n\t\t\t\t\t\t<div class=\"elementor-container elementor-column-gap-default\">\n\t\t\t\t\t<div class=\"elementor-column elementor-col-50 elementor-inner-column elementor-element elementor-element-17f26803\" data-id=\"17f26803\" data-element_type=\"column\">\n\t\t\t<div class=\"elementor-widget-wrap elementor-element-populated\">\n\t\t\t\t\t\t<div class=\"elementor-element elementor-element-6910f1cb elementor-widget elementor-widget-text-editor\" data-id=\"6910f1cb\" data-element_type=\"widget\" data-widget_type=\"text-editor.default\">\n\t\t\t\t\t\t\t\t\t<h3>Colture pi\u00f9 adatte alla regione di Brest<\/h3>\t\t\t\t\t\t\t\t<\/div>\n\t\t\t\t<div class=\"elementor-element elementor-element-78526233 elementor-widget elementor-widget-text-editor\" data-id=\"78526233\" data-element_type=\"widget\" data-widget_type=\"text-editor.default\">\n\t\t\t\t\t\t\t\t\t<p>La <strong>regione di Brest<\/strong>, e in particolare il <strong>distretto di Kobryn<\/strong> con il villaggio di <strong>Zalesye<\/strong>, offre condizioni climatiche e del suolo ideali per la coltivazione di diverse variet\u00e0 agricole ad alto rendimento.<\/p> <p><strong>Cereali:<\/strong> orzo, grano e avena si adattano perfettamente al clima locale, garantendo produzioni stabili e di qualit\u00e0.<\/p> <p><strong>Mais:<\/strong> ideale sia per l\u2019alimentazione del bestiame che per la produzione di cereali destinati all\u2019industria alimentare.<\/p> <p><strong>Patate:<\/strong> una delle colture pi\u00f9 tradizionali e diffuse della zona, rinomata per l\u2019ottimo sapore e la resa elevata.<\/p> <p><strong>Verdure:<\/strong><\/p> <ul> <li><strong>Broccoli<\/strong> \u2013 coltura nutriente e resistente, perfetta per i climi temperati.<\/li> <li><strong>Cavolfiore<\/strong> \u2013 apprezzato per l\u2019elevato contenuto di vitamine.<\/li> <li><strong>Cavolfiore multicolore<\/strong> \u2013 riconoscibile per l\u2019aspetto vivace e le propriet\u00e0 benefiche.<\/li> <li><strong>Lattuga Iceberg<\/strong> \u2013 croccante e fresca, cresce bene nelle condizioni locali.<\/li> <li><strong>Lattuga da foglia<\/strong> \u2013 facile da coltivare, adatta sia alla semina precoce che tardiva.<\/li> <li><strong>Sedano<\/strong> \u2013 ricco di nutrienti, ottimo per arricchire piatti sani e gustosi.<\/li> <li><strong>Porri<\/strong> \u2013 dal sapore delicato, si adattano perfettamente al terreno della regione.<\/li> <li><strong>Cavolo cappuccio bianco e rosso<\/strong> \u2013 resistenti, facilmente conservabili e molto richiesti dal mercato.<\/li> <\/ul> <p>Ottimi risultati si ottengono anche con <strong>carote, barbabietole, cavoli e cipolle<\/strong>, che offrono rese elevate e prodotti di qualit\u00e0.<\/p> <p>Grazie alla combinazione di <strong>pratiche agricole moderne<\/strong> e <strong>cura costante delle colture<\/strong>, queste variet\u00e0 rappresentano una scelta eccellente per gli agricoltori della regione di Brest, assicurando produzioni sostenibili e di valore.<\/p>\t\t\t\t\t\t\t\t<\/div>\n\t\t\t\t\t<\/div>\n\t\t<\/div>\n\t\t\t\t<div class=\"elementor-column elementor-col-50 elementor-inner-column elementor-element elementor-element-35cca427\" data-id=\"35cca427\" data-element_type=\"column\">\n\t\t\t<div class=\"elementor-widget-wrap elementor-element-populated\">\n\t\t\t\t\t\t<div class=\"elementor-element elementor-element-6ba658ae elementor-widget elementor-widget-image\" data-id=\"6ba658ae\" data-element_type=\"widget\" data-widget_type=\"image.default\">\n\t\t\t\t\t\t\t\t\t\t\t\t\t\t\t<img decoding=\"async\" width=\"498\" height=\"1200\" src=\"https:\/\/florisfarm.by\/wp-content\/uploads\/2025\/11\/spiga-2-498x1200.png\" class=\"attachment-large size-large wp-image-1841\" alt=\"\" srcset=\"https:\/\/florisfarm.by\/wp-content\/uploads\/2025\/11\/spiga-2-498x1200.png 498w, https:\/\/florisfarm.by\/wp-content\/uploads\/2025\/11\/spiga-2-207x500.png 207w, https:\/\/florisfarm.by\/wp-content\/uploads\/2025\/11\/spiga-2-124x300.png 124w, https:\/\/florisfarm.by\/wp-content\/uploads\/2025\/11\/spiga-2-31x75.png 31w, https:\/\/florisfarm.by\/wp-content\/uploads\/2025\/11\/spiga-2-398x960.png 398w, https:\/\/florisfarm.by\/wp-content\/uploads\/2025\/11\/spiga-2.png 622w\" sizes=\"(max-width:767px) 480px, 498px\" \/>\t\t\t\t\t\t\t\t\t\t\t\t\t\t\t<\/div>\n\t\t\t\t\t<\/div>\n\t\t<\/div>\n\t\t\t\t\t<\/div>\n\t\t<\/section>\n\t\t\t\t<section class=\"elementor-section elementor-inner-section elementor-element elementor-element-6b755dce elementor-section-boxed elementor-section-height-default elementor-section-height-default\" data-id=\"6b755dce\" data-element_type=\"section\">\n\t\t\t\t\t\t<div class=\"elementor-container elementor-column-gap-default\">\n\t\t\t\t\t<div class=\"elementor-column elementor-col-100 elementor-inner-column elementor-element elementor-element-3800dd49\" data-id=\"3800dd49\" data-element_type=\"column\">\n\t\t\t<div class=\"elementor-widget-wrap elementor-element-populated\">\n\t\t\t\t\t\t<div class=\"elementor-element elementor-element-5d2bed15 elementor-widget elementor-widget-spacer\" data-id=\"5d2bed15\" data-element_type=\"widget\" data-widget_type=\"spacer.default\">\n\t\t\t\t\t\t\t<div class=\"elementor-spacer\">\n\t\t\t<div class=\"elementor-spacer-inner\"><\/div>\n\t\t<\/div>\n\t\t\t\t\t\t<\/div>\n\t\t\t\t\t<\/div>\n\t\t<\/div>\n\t\t\t\t\t<\/div>\n\t\t<\/section>\n\t\t\t\t<section class=\"elementor-section elementor-inner-section elementor-element elementor-element-34d20607 elementor-section-boxed elementor-section-height-default elementor-section-height-default\" data-id=\"34d20607\" data-element_type=\"section\">\n\t\t\t\t\t\t<div class=\"elementor-container elementor-column-gap-default\">\n\t\t\t\t\t<div class=\"elementor-column elementor-col-50 elementor-inner-column elementor-element elementor-element-2f1a67c9\" data-id=\"2f1a67c9\" data-element_type=\"column\">\n\t\t\t<div class=\"elementor-widget-wrap elementor-element-populated\">\n\t\t\t\t\t\t<div class=\"elementor-element elementor-element-5b213c93 elementor-widget elementor-widget-image\" data-id=\"5b213c93\" data-element_type=\"widget\" data-widget_type=\"image.default\">\n\t\t\t\t\t\t\t\t\t\t\t\t\t\t\t<img decoding=\"async\" width=\"498\" height=\"1200\" src=\"https:\/\/florisfarm.by\/wp-content\/uploads\/2025\/11\/posizioni-aperte-2-498x1200.png\" class=\"attachment-large size-large wp-image-1842\" alt=\"\" srcset=\"https:\/\/florisfarm.by\/wp-content\/uploads\/2025\/11\/posizioni-aperte-2-498x1200.png 498w, https:\/\/florisfarm.by\/wp-content\/uploads\/2025\/11\/posizioni-aperte-2-207x500.png 207w, https:\/\/florisfarm.by\/wp-content\/uploads\/2025\/11\/posizioni-aperte-2-124x300.png 124w, https:\/\/florisfarm.by\/wp-content\/uploads\/2025\/11\/posizioni-aperte-2-31x75.png 31w, https:\/\/florisfarm.by\/wp-content\/uploads\/2025\/11\/posizioni-aperte-2-398x960.png 398w, https:\/\/florisfarm.by\/wp-content\/uploads\/2025\/11\/posizioni-aperte-2.png 622w\" sizes=\"(max-width:767px) 480px, 498px\" \/>\t\t\t\t\t\t\t\t\t\t\t\t\t\t\t<\/div>\n\t\t\t\t\t<\/div>\n\t\t<\/div>\n\t\t\t\t<div class=\"elementor-column elementor-col-50 elementor-inner-column elementor-element elementor-element-cf02419\" data-id=\"cf02419\" data-element_type=\"column\">\n\t\t\t<div class=\"elementor-widget-wrap elementor-element-populated\">\n\t\t\t\t\t\t<div class=\"elementor-element elementor-element-771ba87c elementor-widget elementor-widget-text-editor\" data-id=\"771ba87c\" data-element_type=\"widget\" data-widget_type=\"text-editor.default\">\n\t\t\t\t\t\t\t\t\t<h3>Posizioni aperte<\/h3>\t\t\t\t\t\t\t\t<\/div>\n\t\t\t\t<div class=\"elementor-element elementor-element-510df0ca elementor-widget elementor-widget-text-editor\" data-id=\"510df0ca\" data-element_type=\"widget\" data-widget_type=\"text-editor.default\">\n\t\t\t\t\t\t\t\t\t<p>Hai passione per l\u2019agricoltura e desideri far parte di un team dinamico e in crescita? <br \/><strong>Floris Farm<\/strong> \u00e8 alla ricerca di nuovi talenti pronti a contribuire allo sviluppo di un\u2019agricoltura moderna e sostenibile.<\/p><p><strong>Posizioni attualmente aperte:<\/strong><\/p><ul><li>Trattoristi<\/li><li>Orticultori<\/li><li>Specialisti senior di reparto<\/li><\/ul><p>Se sei interessato a una delle posizioni o vuoi inviare la tua candidatura spontanea, <strong>contattaci<\/strong> per ricevere maggiori informazioni. Insieme possiamo coltivare il futuro dell\u2019agricoltura.<\/p>\t\t\t\t\t\t\t\t<\/div>\n\t\t\t\t\t<\/div>\n\t\t<\/div>\n\t\t\t\t\t<\/div>\n\t\t<\/section>\n\t\t\t\t<section class=\"elementor-section elementor-inner-section elementor-element elementor-element-1dd21b15 elementor-section-boxed elementor-section-height-default elementor-section-height-default\" data-id=\"1dd21b15\" data-element_type=\"section\">\n\t\t\t\t\t\t<div class=\"elementor-container elementor-column-gap-default\">\n\t\t\t\t\t<div class=\"elementor-column elementor-col-100 elementor-inner-column elementor-element elementor-element-267c1ef0\" data-id=\"267c1ef0\" data-element_type=\"column\">\n\t\t\t<div class=\"elementor-widget-wrap elementor-element-populated\">\n\t\t\t\t\t\t<div class=\"elementor-element elementor-element-360fe373 elementor-widget elementor-widget-spacer\" data-id=\"360fe373\" data-element_type=\"widget\" data-widget_type=\"spacer.default\">\n\t\t\t\t\t\t\t<div class=\"elementor-spacer\">\n\t\t\t<div class=\"elementor-spacer-inner\"><\/div>\n\t\t<\/div>\n\t\t\t\t\t\t<\/div>\n\t\t\t\t<div class=\"elementor-element elementor-element-27c99766 elementor-widget elementor-widget-image\" data-id=\"27c99766\" data-element_type=\"widget\" data-widget_type=\"image.default\">\n\t\t\t\t\t\t\t\t\t\t\t\t\t\t\t<img loading=\"lazy\" decoding=\"async\" width=\"704\" height=\"23\" src=\"https:\/\/florisfarm.by\/wp-content\/uploads\/2020\/12\/farm2-sep1.png\" class=\"attachment-large size-large wp-image-71\" alt=\"\" \/>\t\t\t\t\t\t\t\t\t\t\t\t\t\t\t<\/div>\n\t\t\t\t\t<\/div>\n\t\t<\/div>\n\t\t\t\t\t<\/div>\n\t\t<\/section>\n\t\t\t\t<section class=\"elementor-section elementor-inner-section elementor-element elementor-element-51630f73 elementor-section-boxed elementor-section-height-default elementor-section-height-default\" data-id=\"51630f73\" data-element_type=\"section\">\n\t\t\t\t\t\t<div class=\"elementor-container elementor-column-gap-default\">\n\t\t\t\t\t<div class=\"elementor-column elementor-col-100 elementor-inner-column elementor-element elementor-element-1b5d7788\" data-id=\"1b5d7788\" data-element_type=\"column\">\n\t\t\t<div class=\"elementor-widget-wrap elementor-element-populated\">\n\t\t\t\t\t\t<div class=\"elementor-element elementor-element-72f6d4b1 elementor-widget elementor-widget-spacer\" data-id=\"72f6d4b1\" data-element_type=\"widget\" data-widget_type=\"spacer.default\">\n\t\t\t\t\t\t\t<div class=\"elementor-spacer\">\n\t\t\t<div class=\"elementor-spacer-inner\"><\/div>\n\t\t<\/div>\n\t\t\t\t\t\t<\/div>\n\t\t\t\t\t<\/div>\n\t\t<\/div>\n\t\t\t\t\t<\/div>\n\t\t<\/section>\n\t\t\t\t\t<\/div>\n\t\t<\/div>\n\t\t\t\t\t<\/div>\n\t\t<\/section>\n\t\t\t\t<section class=\"elementor-section elementor-top-section elementor-element elementor-element-1f03c1b7 elementor-section-stretched elementor-section-boxed elementor-section-height-default elementor-section-height-default\" data-id=\"1f03c1b7\" data-element_type=\"section\" data-settings=\"{&quot;stretch_section&quot;:&quot;section-stretched&quot;}\">\n\t\t\t\t\t\t<div class=\"elementor-container elementor-column-gap-wider\">\n\t\t\t\t\t<div class=\"elementor-column elementor-col-100 elementor-top-column elementor-element elementor-element-672b47b9\" data-id=\"672b47b9\" data-element_type=\"column\">\n\t\t\t<div class=\"elementor-widget-wrap elementor-element-populated\">\n\t\t\t\t\t\t<section class=\"elementor-section elementor-inner-section elementor-element elementor-element-6debe6b7 elementor-section-boxed elementor-section-height-default elementor-section-height-default\" data-id=\"6debe6b7\" data-element_type=\"section\">\n\t\t\t\t\t\t<div class=\"elementor-container elementor-column-gap-default\">\n\t\t\t\t\t<div class=\"elementor-column elementor-col-50 elementor-inner-column elementor-element elementor-element-35788085\" data-id=\"35788085\" data-element_type=\"column\">\n\t\t\t<div class=\"elementor-widget-wrap elementor-element-populated\">\n\t\t\t\t\t\t<div class=\"elementor-element elementor-element-508edbf1 elementor-widget__width-initial elementor-widget elementor-widget-text-editor\" data-id=\"508edbf1\" data-element_type=\"widget\" data-widget_type=\"text-editor.default\">\n\t\t\t\t\t\t\t\t\t<h2 style=\"text-align: left;\">Sviluppo dell&#8217;agricoltura nella regione<\/h2>\t\t\t\t\t\t\t\t<\/div>\n\t\t\t\t<div class=\"elementor-element elementor-element-47e01b55 elementor-hidden-desktop elementor-hidden-tablet elementor-widget elementor-widget-spacer\" data-id=\"47e01b55\" data-element_type=\"widget\" data-widget_type=\"spacer.default\">\n\t\t\t\t\t\t\t<div class=\"elementor-spacer\">\n\t\t\t<div class=\"elementor-spacer-inner\"><\/div>\n\t\t<\/div>\n\t\t\t\t\t\t<\/div>\n\t\t\t\t\t<\/div>\n\t\t<\/div>\n\t\t\t\t<div class=\"elementor-column elementor-col-50 elementor-inner-column elementor-element elementor-element-e7a04bd\" data-id=\"e7a04bd\" data-element_type=\"column\" data-settings=\"{&quot;background_background&quot;:&quot;classic&quot;}\">\n\t\t\t<div class=\"elementor-widget-wrap elementor-element-populated\">\n\t\t\t\t\t\t<div class=\"elementor-element elementor-element-4ebdae60 elementor-widget elementor-widget-text-editor\" data-id=\"4ebdae60\" data-element_type=\"widget\" data-widget_type=\"text-editor.default\">\n\t\t\t\t\t\t\t\t\tCrediamo che il settore agricolo sia fondamentale per lo sviluppo economico del Paese. Il nostro obiettivo \u00e8 creare sistemi di produzione efficienti che facilitino la crescita della nostra economia, migliorino la qualit\u00e0 dei prodotti e proteggano l&#8217;ambiente.\nDiamo particolare importanza ai seguenti ambiti:\n<ul>\n \t<li>Aumentando il livello di meccanizzazione dell&#8217;impresa<\/li>\n \t<li>Manutenzione dei terreni agricoli.<\/li>\n \t<li>Implementazione di moderne tecnologie agricole.<\/li>\n \t<li>Scambio di esperienze e buone pratiche<\/li>\n \t<li>Servizi di consulenza e formazione di specialisti.<\/li>\n<\/ul>\t\t\t\t\t\t\t\t<\/div>\n\t\t\t\t\t<\/div>\n\t\t<\/div>\n\t\t\t\t\t<\/div>\n\t\t<\/section>\n\t\t\t\t\t<\/div>\n\t\t<\/div>\n\t\t\t\t\t<\/div>\n\t\t<\/section>\n\t\t\t\t<\/div>\n\t\t","protected":false},"excerpt":{"rendered":"<p>Tutto ci\u00f2 che ti serve sapere sull\u2019agricoltura In questa sezione troverai informazioni pratiche e aggiornate per comprendere al meglio gli aspetti chiave del mondo agricolo. Scopri<span class=\"excerpt-hellip\"> [\u2026]<\/span><\/p>\n","protected":false},"author":1,"featured_media":0,"parent":0,"menu_order":0,"comment_status":"closed","ping_status":"closed","template":"","meta":{"footnotes":""},"class_list":["post-1405","page","type-page","status-publish","hentry"],"_links":{"self":[{"href":"https:\/\/florisfarm.by\/it\/wp-json\/wp\/v2\/pages\/1405","targetHints":{"allow":["GET"]}}],"collection":[{"href":"https:\/\/florisfarm.by\/it\/wp-json\/wp\/v2\/pages"}],"about":[{"href":"https:\/\/florisfarm.by\/it\/wp-json\/wp\/v2\/types\/page"}],"author":[{"embeddable":true,"href":"https:\/\/florisfarm.by\/it\/wp-json\/wp\/v2\/users\/1"}],"replies":[{"embeddable":true,"href":"https:\/\/florisfarm.by\/it\/wp-json\/wp\/v2\/comments?post=1405"}],"version-history":[{"count":25,"href":"https:\/\/florisfarm.by\/it\/wp-json\/wp\/v2\/pages\/1405\/revisions"}],"predecessor-version":[{"id":2036,"href":"https:\/\/florisfarm.by\/it\/wp-json\/wp\/v2\/pages\/1405\/revisions\/2036"}],"wp:attachment":[{"href":"https:\/\/florisfarm.by\/it\/wp-json\/wp\/v2\/media?parent=1405"}],"curies":[{"name":"wp","href":"https:\/\/api.w.org\/{rel}","templated":true}]}}